{"id":2805,"date":"2023-10-25T15:17:44","date_gmt":"2023-10-25T15:17:44","guid":{"rendered":"https:\/\/www.progtech.it\/blog\/"},"modified":"2024-02-21T08:36:13","modified_gmt":"2024-02-21T08:36:13","slug":"blog","status":"publish","type":"page","link":"https:\/\/www.progtech.it\/en\/blog\/","title":{"rendered":"Blog"},"content":{"rendered":"\t\t<div data-elementor-type=\"wp-page\" data-elementor-id=\"2805\" class=\"elementor elementor-2805 elementor-349\">\n\t\t\t\t\t\t<section class=\"elementor-section elementor-top-section elementor-element elementor-element-5e53ffcb elementor-section-full_width elementor-section-height-min-height elementor-section-height-default elementor-section-items-middle\" data-id=\"5e53ffcb\" data-element_type=\"section\" data-e-type=\"section\" data-settings=\"{&quot;background_background&quot;:&quot;classic&quot;}\">\n\t\t\t\t\t\t\t<div class=\"elementor-background-overlay\"><\/div>\n\t\t\t\t\t\t\t<div class=\"elementor-container elementor-column-gap-default\">\n\t\t\t\t\t<div class=\"elementor-column elementor-col-100 elementor-top-column elementor-element elementor-element-605079ab\" data-id=\"605079ab\" data-element_type=\"column\" data-e-type=\"column\">\n\t\t\t<div class=\"elementor-widget-wrap elementor-element-populated\">\n\t\t\t\t\t\t<div class=\"elementor-element elementor-element-1cf717d3 elementor-widget elementor-widget-heading\" data-id=\"1cf717d3\" data-element_type=\"widget\" data-e-type=\"widget\" data-widget_type=\"heading.default\">\n\t\t\t\t<div class=\"elementor-widget-container\">\n\t\t\t\t\t<h1 class=\"elementor-heading-title elementor-size-default\">Blog<\/h1>\t\t\t\t<\/div>\n\t\t\t\t<\/div>\n\t\t\t\t\t<\/div>\n\t\t<\/div>\n\t\t\t\t\t<\/div>\n\t\t<\/section>\n\t\t\t\t<section class=\"elementor-section elementor-top-section elementor-element elementor-element-268ec8a2 elementor-section-boxed elementor-section-height-default elementor-section-height-default\" data-id=\"268ec8a2\" data-element_type=\"section\" data-e-type=\"section\" data-settings=\"{&quot;background_background&quot;:&quot;classic&quot;}\">\n\t\t\t\t\t\t<div class=\"elementor-container elementor-column-gap-default\">\n\t\t\t\t\t<div class=\"elementor-column elementor-col-100 elementor-top-column elementor-element elementor-element-52cf66e5\" data-id=\"52cf66e5\" data-element_type=\"column\" data-e-type=\"column\">\n\t\t\t<div class=\"elementor-widget-wrap elementor-element-populated\">\n\t\t\t\t\t\t<div class=\"elementor-element elementor-element-3599024 elementor-widget elementor-widget-ucaddon_post_list\" data-id=\"3599024\" data-element_type=\"widget\" data-e-type=\"widget\" data-widget_type=\"ucaddon_post_list.default\">\n\t\t\t\t<div class=\"elementor-widget-container\">\n\t\t\t\t\t\n<!-- start Post List -->\n\t\t<link id='font-awesome-css' href='https:\/\/www.progtech.it\/wp-content\/plugins\/unlimited-elements-for-elementor\/assets_libraries\/font-awesome6\/fontawesome-all.min.css' type='text\/css' rel='stylesheet' >\n\t\t<link id='font-awesome-4-shim-css' href='https:\/\/www.progtech.it\/wp-content\/plugins\/unlimited-elements-for-elementor\/assets_libraries\/font-awesome6\/fontawesome-v4-shims.min.css' type='text\/css' rel='stylesheet' >\n\n<style>\/* widget: Post List *\/\n\n\n\n#uc_post_list_elementor_3599024\n{\n  display:grid;\n}\n\n\n#uc_post_list_elementor_3599024 .uc_post_list_image div\n{\n  background-size:cover;\n  background-position:center;\n}\n\n\n.uc_post_list .uc_post_list_box{\n\tposition: relative;\n\toverflow: hidden;\n\tdisplay: flex;\n}\n\n#uc_post_list_elementor_3599024 .uc_post_list_image\n{\n  flex-grow:0;\n  flex-shrink:0;\n}\n\n#uc_post_list_elementor_3599024 .uc_post_list_image img\n{\n  width:100%;\n  display:block;\n  transition:0.3s;\n  \n}\n\n\n.uc_post_list_title a{\n\tcolor: #333333;\n    display: block;\n}\n.uc_post_list_date{\n\tfont-size: 12px;\n}\n\n#uc_post_list_elementor_3599024 .uc_post_list_content\n{\n  display:flex;\n  flex-direction:column;\n  flex:1;\n}\n\n#uc_post_list_elementor_3599024 .uc_more_btn{\n\n  text-align:center;\n  text-decoration:none;\n  transition:0.3s;\n}\n\n#uc_post_list_elementor_3599024 .button-on-side\n{\n  display:flex;\n  align-items:center;\n}\n\n\n.ue-grid-item-category a\n{\n  display:inline-block;\n  font-size:10px;\n  text-transform:uppercase;\n}\n\n#uc_post_list_elementor_3599024 .ue-meta-data\n{\n  \n  display:flex;\n\n  flex-wrap: wrap;\n  line-height:1em;\n}\n\n#uc_post_list_elementor_3599024 .ue-grid-item-meta-data\n{\n      display:inline-flex;\n      align-items:center;\n}\n\n.ue-grid-item-meta-data\n{\n  font-size:12px;\n}\n\n#uc_post_list_elementor_3599024 .ue-grid-item-meta-data-icon\n{\n  line-height:1em;\n}\n\n#uc_post_list_elementor_3599024 .ue-grid-item-meta-data-icon svg\n{\n  width:1em;\n  height:1em;\n}\n\n\n\n#uc_post_list_elementor_3599024 .ue-debug-meta\n{\n  padding:10px;\n  border:1px solid red;\n  position:relative;\n  line-height:1.5em;\n  font-size:11px;\n  width:100%;\n}\n\n.uc-remote-parent .uc_post_list_box{\n\tcursor:pointer;\n}\n\n#uc_post_list_elementor_3599024 .ue-post-link-overlay\n{\n  display:block;\n  position:absolute;\n  top:0;\n  bottom:0;\n  right:0;\n  left:0;\n}\n\n\n<\/style>\n\n<div class=\"uc_post_list uc-items-wrapper \" id=\"uc_post_list_elementor_3599024\"  >    \t\n  \n<\/div>\n\n\n  <div id=\"uc_post_list_elementor_3599024_empty_message\" class=\"ue-no-posts-found\" >No posts found<\/div>\n\n\n<!-- end Post List -->\t\t\t\t<\/div>\n\t\t\t\t<\/div>\n\t\t\t\t\t<\/div>\n\t\t<\/div>\n\t\t\t\t\t<\/div>\n\t\t<\/section>\n\t\t\t\t<\/div>\n\t\t","protected":false},"excerpt":{"rendered":"<p>Blog Ottimizzare la Viabilit\u00e0 Aziendale per Massimizzare la Sicurezza sul Lavoro Nella gestione di un&#8217;azienda, la viabilit\u00e0 aziendale \u00e8 un aspetto spesso trascurato ma di fondamentale&#8230; Read more L\u2019importanza delle vie di circolazione per la sicurezza sul lavoro Quanto sono importanti le vie di circolazione per la sicurezza sul lavoro? Molto! In effetti rivestono&#8230; Read [&hellip;]<\/p>\n","protected":false},"author":1,"featured_media":0,"parent":0,"menu_order":0,"comment_status":"closed","ping_status":"closed","template":"","meta":{"footnotes":""},"class_list":["post-2805","page","type-page","status-publish","hentry"],"yoast_head":"<!-- This site is optimized with the Yoast SEO plugin v27.3 - https:\/\/yoast.com\/product\/yoast-seo-wordpress\/ -->\n<title>Blog - Progtech<\/title>\n<meta name=\"robots\" content=\"index, follow, max-snippet:-1, max-image-preview:large, max-video-preview:-1\" \/>\n<link rel=\"canonical\" href=\"https:\/\/www.progtech.it\/en\/blog\/\" \/>\n<meta property=\"og:locale\" content=\"en_US\" \/>\n<meta property=\"og:type\" content=\"article\" \/>\n<meta property=\"og:title\" content=\"Blog - Progtech\" \/>\n<meta property=\"og:description\" content=\"Blog Ottimizzare la Viabilit\u00e0 Aziendale per Massimizzare la Sicurezza sul Lavoro Nella gestione di un&#8217;azienda, la viabilit\u00e0 aziendale \u00e8 un aspetto spesso trascurato ma di fondamentale&#8230; Read more L\u2019importanza delle vie di circolazione per la sicurezza sul lavoro Quanto sono importanti le vie di circolazione per la sicurezza sul lavoro? Molto! In effetti rivestono&#8230; Read [&hellip;]\" \/>\n<meta property=\"og:url\" content=\"https:\/\/www.progtech.it\/en\/blog\/\" \/>\n<meta property=\"og:site_name\" content=\"Progtech\" \/>\n<meta property=\"article:modified_time\" content=\"2024-02-21T08:36:13+00:00\" \/>\n<meta property=\"og:image\" content=\"https:\/\/www.progtech.it\/wp-content\/uploads\/2023\/10\/progtech.webp\" \/>\n<meta name=\"twitter:card\" content=\"summary_large_image\" \/>\n<meta name=\"twitter:label1\" content=\"Est. reading time\" \/>\n\t<meta name=\"twitter:data1\" content=\"2 minutes\" \/>\n<script type=\"application\/ld+json\" class=\"yoast-schema-graph\">{\"@context\":\"https:\\\/\\\/schema.org\",\"@graph\":[{\"@type\":\"WebPage\",\"@id\":\"https:\\\/\\\/www.progtech.it\\\/en\\\/blog\\\/\",\"url\":\"https:\\\/\\\/www.progtech.it\\\/en\\\/blog\\\/\",\"name\":\"Blog - Progtech\",\"isPartOf\":{\"@id\":\"https:\\\/\\\/www.progtech.it\\\/#website\"},\"primaryImageOfPage\":{\"@id\":\"https:\\\/\\\/www.progtech.it\\\/en\\\/blog\\\/#primaryimage\"},\"image\":{\"@id\":\"https:\\\/\\\/www.progtech.it\\\/en\\\/blog\\\/#primaryimage\"},\"thumbnailUrl\":\"https:\\\/\\\/www.progtech.it\\\/wp-content\\\/uploads\\\/2023\\\/10\\\/progtech.webp\",\"datePublished\":\"2023-10-25T15:17:44+00:00\",\"dateModified\":\"2024-02-21T08:36:13+00:00\",\"breadcrumb\":{\"@id\":\"https:\\\/\\\/www.progtech.it\\\/en\\\/blog\\\/#breadcrumb\"},\"inLanguage\":\"en-US\",\"potentialAction\":[{\"@type\":\"ReadAction\",\"target\":[\"https:\\\/\\\/www.progtech.it\\\/en\\\/blog\\\/\"]}]},{\"@type\":\"ImageObject\",\"inLanguage\":\"en-US\",\"@id\":\"https:\\\/\\\/www.progtech.it\\\/en\\\/blog\\\/#primaryimage\",\"url\":\"https:\\\/\\\/www.progtech.it\\\/wp-content\\\/uploads\\\/2023\\\/10\\\/progtech.webp\",\"contentUrl\":\"https:\\\/\\\/www.progtech.it\\\/wp-content\\\/uploads\\\/2023\\\/10\\\/progtech.webp\"},{\"@type\":\"BreadcrumbList\",\"@id\":\"https:\\\/\\\/www.progtech.it\\\/en\\\/blog\\\/#breadcrumb\",\"itemListElement\":[{\"@type\":\"ListItem\",\"position\":1,\"name\":\"Home\",\"item\":\"https:\\\/\\\/www.progtech.it\\\/\"},{\"@type\":\"ListItem\",\"position\":2,\"name\":\"Blog\"}]},{\"@type\":\"WebSite\",\"@id\":\"https:\\\/\\\/www.progtech.it\\\/#website\",\"url\":\"https:\\\/\\\/www.progtech.it\\\/\",\"name\":\"Progtech\",\"description\":\"Soluzioni di illuminazione di sicurezza a led proiettata: scopri i prodotti di Progtech e richiedi un preventivo!\",\"potentialAction\":[{\"@type\":\"SearchAction\",\"target\":{\"@type\":\"EntryPoint\",\"urlTemplate\":\"https:\\\/\\\/www.progtech.it\\\/?s={search_term_string}\"},\"query-input\":{\"@type\":\"PropertyValueSpecification\",\"valueRequired\":true,\"valueName\":\"search_term_string\"}}],\"inLanguage\":\"en-US\"}]}<\/script>\n<!-- \/ Yoast SEO plugin. -->","yoast_head_json":{"title":"Blog - Progtech","robots":{"index":"index","follow":"follow","max-snippet":"max-snippet:-1","max-image-preview":"max-image-preview:large","max-video-preview":"max-video-preview:-1"},"canonical":"https:\/\/www.progtech.it\/en\/blog\/","og_locale":"en_US","og_type":"article","og_title":"Blog - Progtech","og_description":"Blog Ottimizzare la Viabilit\u00e0 Aziendale per Massimizzare la Sicurezza sul Lavoro Nella gestione di un&#8217;azienda, la viabilit\u00e0 aziendale \u00e8 un aspetto spesso trascurato ma di fondamentale&#8230; Read more L\u2019importanza delle vie di circolazione per la sicurezza sul lavoro Quanto sono importanti le vie di circolazione per la sicurezza sul lavoro? Molto! In effetti rivestono&#8230; Read [&hellip;]","og_url":"https:\/\/www.progtech.it\/en\/blog\/","og_site_name":"Progtech","article_modified_time":"2024-02-21T08:36:13+00:00","og_image":[{"url":"https:\/\/www.progtech.it\/wp-content\/uploads\/2023\/10\/progtech.webp","type":"","width":"","height":""}],"twitter_card":"summary_large_image","twitter_misc":{"Est. reading time":"2 minutes"},"schema":{"@context":"https:\/\/schema.org","@graph":[{"@type":"WebPage","@id":"https:\/\/www.progtech.it\/en\/blog\/","url":"https:\/\/www.progtech.it\/en\/blog\/","name":"Blog - Progtech","isPartOf":{"@id":"https:\/\/www.progtech.it\/#website"},"primaryImageOfPage":{"@id":"https:\/\/www.progtech.it\/en\/blog\/#primaryimage"},"image":{"@id":"https:\/\/www.progtech.it\/en\/blog\/#primaryimage"},"thumbnailUrl":"https:\/\/www.progtech.it\/wp-content\/uploads\/2023\/10\/progtech.webp","datePublished":"2023-10-25T15:17:44+00:00","dateModified":"2024-02-21T08:36:13+00:00","breadcrumb":{"@id":"https:\/\/www.progtech.it\/en\/blog\/#breadcrumb"},"inLanguage":"en-US","potentialAction":[{"@type":"ReadAction","target":["https:\/\/www.progtech.it\/en\/blog\/"]}]},{"@type":"ImageObject","inLanguage":"en-US","@id":"https:\/\/www.progtech.it\/en\/blog\/#primaryimage","url":"https:\/\/www.progtech.it\/wp-content\/uploads\/2023\/10\/progtech.webp","contentUrl":"https:\/\/www.progtech.it\/wp-content\/uploads\/2023\/10\/progtech.webp"},{"@type":"BreadcrumbList","@id":"https:\/\/www.progtech.it\/en\/blog\/#breadcrumb","itemListElement":[{"@type":"ListItem","position":1,"name":"Home","item":"https:\/\/www.progtech.it\/"},{"@type":"ListItem","position":2,"name":"Blog"}]},{"@type":"WebSite","@id":"https:\/\/www.progtech.it\/#website","url":"https:\/\/www.progtech.it\/","name":"Progtech","description":"Soluzioni di illuminazione di sicurezza a led proiettata: scopri i prodotti di Progtech e richiedi un preventivo!","potentialAction":[{"@type":"SearchAction","target":{"@type":"EntryPoint","urlTemplate":"https:\/\/www.progtech.it\/?s={search_term_string}"},"query-input":{"@type":"PropertyValueSpecification","valueRequired":true,"valueName":"search_term_string"}}],"inLanguage":"en-US"}]}},"_links":{"self":[{"href":"https:\/\/www.progtech.it\/en\/wp-json\/wp\/v2\/pages\/2805","targetHints":{"allow":["GET"]}}],"collection":[{"href":"https:\/\/www.progtech.it\/en\/wp-json\/wp\/v2\/pages"}],"about":[{"href":"https:\/\/www.progtech.it\/en\/wp-json\/wp\/v2\/types\/page"}],"author":[{"embeddable":true,"href":"https:\/\/www.progtech.it\/en\/wp-json\/wp\/v2\/users\/1"}],"replies":[{"embeddable":true,"href":"https:\/\/www.progtech.it\/en\/wp-json\/wp\/v2\/comments?post=2805"}],"version-history":[{"count":1,"href":"https:\/\/www.progtech.it\/en\/wp-json\/wp\/v2\/pages\/2805\/revisions"}],"predecessor-version":[{"id":2809,"href":"https:\/\/www.progtech.it\/en\/wp-json\/wp\/v2\/pages\/2805\/revisions\/2809"}],"wp:attachment":[{"href":"https:\/\/www.progtech.it\/en\/wp-json\/wp\/v2\/media?parent=2805"}],"curies":[{"name":"wp","href":"https:\/\/api.w.org\/{rel}","templated":true}]}}